{"id":116,"date":"2015-08-21T14:36:34","date_gmt":"2015-08-21T13:36:34","guid":{"rendered":"http:\/\/www.esprit-entente.ch\/?page_id=116"},"modified":"2015-09-03T09:42:22","modified_gmt":"2015-09-03T08:42:22","slug":"sensibilisation-generale-a-la-gestion-de-conflits","status":"publish","type":"page","link":"https:\/\/www.esprit-entente.ch\/en\/workshops\/awareness-trainings-general-conflict-management\/","title":{"rendered":"Awareness and trainings in general conflict management"},"content":{"rendered":"<p>Our practice in the management and amicable resolution of disputes, led us to propose, upon request, awareness training (one or more workshops) to the attitudes of mediation.<\/p>\n<p>During these workshops, we shall provide you with tools that will enable you to manage better conflict, tensions or communications problems that may arise in relation to family, professional or social situations.<\/p>","protected":false},"excerpt":{"rendered":"<p>Our practice in the management and amicable resolution of disputes, led us to propose, upon request, awareness training (one or more workshops) to the attitudes of mediation. During these workshops, we shall provide you with tools that will enable you to manage better conflict, tensions or communications problems that may arise in relation to family, [&hellip;]<\/p>\n","protected":false},"author":1,"featured_media":0,"parent":61,"menu_order":0,"comment_status":"closed","ping_status":"closed","template":"","meta":{"_mi_skip_tracking":false},"acf":[],"yoast_head":"<!-- This site is optimized with the Yoast SEO plugin v16.7 - https:\/\/yoast.com\/wordpress\/plugins\/seo\/ -->\n<meta name=\"description\" content=\"A Gen\u00e8ve, coaching, m\u00e9diation et conseil juridique pour les entreprises, associations, ONG et les particuliers\" \/>\n<meta name=\"robots\" content=\"index, follow, max-snippet:-1, max-image-preview:large, max-video-preview:-1\" \/>\n<link rel=\"canonical\" href=\"https:\/\/www.esprit-entente.ch\/en\/workshops\/awareness-trainings-general-conflict-management\/\" \/>\n<meta property=\"og:locale\" content=\"en_US\" \/>\n<meta property=\"og:type\" content=\"article\" \/>\n<meta property=\"og:title\" content=\"Awareness and trainings in general conflict management - Esprit d&#039;entente\" \/>\n<meta property=\"og:description\" content=\"A Gen\u00e8ve, coaching, m\u00e9diation et conseil juridique pour les entreprises, associations, ONG et les particuliers\" \/>\n<meta property=\"og:url\" content=\"https:\/\/www.esprit-entente.ch\/en\/workshops\/awareness-trainings-general-conflict-management\/\" \/>\n<meta property=\"og:site_name\" content=\"Esprit d&#039;entente\" \/>\n<meta property=\"article:publisher\" content=\"https:\/\/www.facebook.com\/espritentente\/\" \/>\n<meta property=\"article:modified_time\" content=\"2015-09-03T08:42:22+00:00\" \/>\n<meta name=\"twitter:card\" content=\"summary\" \/>\n<meta name=\"twitter:label1\" content=\"Est. reading time\" \/>\n\t<meta name=\"twitter:data1\" content=\"1 minute\" \/>\n<script type=\"application\/ld+json\" class=\"yoast-schema-graph\">{\"@context\":\"https:\/\/schema.org\",\"@graph\":[{\"@type\":\"Organization\",\"@id\":\"https:\/\/www.esprit-entente.ch\/#organization\",\"name\":\"Esprit d'entente\",\"url\":\"https:\/\/www.esprit-entente.ch\/\",\"sameAs\":[\"https:\/\/www.facebook.com\/espritentente\/\",\"https:\/\/www.linkedin.com\/company\/esprit-d'entente\",\"https:\/\/www.youtube.com\/channel\/UCYekS7XoRXEWh1KcfZzYuzQ\"],\"logo\":{\"@type\":\"ImageObject\",\"@id\":\"https:\/\/www.esprit-entente.ch\/#logo\",\"inLanguage\":\"en-US\",\"url\":\"https:\/\/www.esprit-entente.ch\/wp-content\/uploads\/2016\/03\/12512576_1170320319659670_1084035720156766177_n.png\",\"contentUrl\":\"https:\/\/www.esprit-entente.ch\/wp-content\/uploads\/2016\/03\/12512576_1170320319659670_1084035720156766177_n.png\",\"width\":180,\"height\":180,\"caption\":\"Esprit d'entente\"},\"image\":{\"@id\":\"https:\/\/www.esprit-entente.ch\/#logo\"}},{\"@type\":\"WebSite\",\"@id\":\"https:\/\/www.esprit-entente.ch\/#website\",\"url\":\"https:\/\/www.esprit-entente.ch\/\",\"name\":\"Esprit d&#039;entente\",\"description\":\"Manage conflicts differently!\",\"publisher\":{\"@id\":\"https:\/\/www.esprit-entente.ch\/#organization\"},\"potentialAction\":[{\"@type\":\"SearchAction\",\"target\":{\"@type\":\"EntryPoint\",\"urlTemplate\":\"https:\/\/www.esprit-entente.ch\/?s={search_term_string}\"},\"query-input\":\"required name=search_term_string\"}],\"inLanguage\":\"en-US\"},{\"@type\":\"WebPage\",\"@id\":\"https:\/\/www.esprit-entente.ch\/en\/workshops\/awareness-trainings-general-conflict-management\/#webpage\",\"url\":\"https:\/\/www.esprit-entente.ch\/en\/workshops\/awareness-trainings-general-conflict-management\/\",\"name\":\"[:fr]Sensibilisation g\\u00e9n\\u00e9rale \\u00e0 la gestion de conflits[:en]Awareness and trainings in general conflict management[:] - Esprit d&#039;entente\",\"isPartOf\":{\"@id\":\"https:\/\/www.esprit-entente.ch\/#website\"},\"datePublished\":\"2015-08-21T13:36:34+00:00\",\"dateModified\":\"2015-09-03T08:42:22+00:00\",\"description\":\"A Gen\\u00e8ve, coaching, m\\u00e9diation et conseil juridique pour les entreprises, associations, ONG et les particuliers\",\"breadcrumb\":{\"@id\":\"https:\/\/www.esprit-entente.ch\/en\/workshops\/awareness-trainings-general-conflict-management\/#breadcrumb\"},\"inLanguage\":\"en-US\",\"potentialAction\":[{\"@type\":\"ReadAction\",\"target\":[\"https:\/\/www.esprit-entente.ch\/en\/workshops\/awareness-trainings-general-conflict-management\/\"]}]},{\"@type\":\"BreadcrumbList\",\"@id\":\"https:\/\/www.esprit-entente.ch\/en\/workshops\/awareness-trainings-general-conflict-management\/#breadcrumb\",\"itemListElement\":[{\"@type\":\"ListItem\",\"position\":1,\"name\":\"Accueil\",\"item\":\"https:\/\/www.esprit-entente.ch\/\"},{\"@type\":\"ListItem\",\"position\":2,\"name\":\"Workshops\",\"item\":\"https:\/\/www.esprit-entente.ch\/en\/workshops\/\"},{\"@type\":\"ListItem\",\"position\":3,\"name\":\"Awareness and trainings in general conflict management\"}]}]}<\/script>\n<!-- \/ Yoast SEO plugin. -->","yoast_head_json":{"description":"A Gen\u00e8ve, coaching, m\u00e9diation et conseil juridique pour les entreprises, associations, ONG et les particuliers","robots":{"index":"index","follow":"follow","max-snippet":"max-snippet:-1","max-image-preview":"max-image-preview:large","max-video-preview":"max-video-preview:-1"},"canonical":"https:\/\/www.esprit-entente.ch\/en\/workshops\/awareness-trainings-general-conflict-management\/","og_locale":"en_US","og_type":"article","og_title":"Awareness and trainings in general conflict management - Esprit d&#039;entente","og_description":"A Gen\u00e8ve, coaching, m\u00e9diation et conseil juridique pour les entreprises, associations, ONG et les particuliers","og_url":"https:\/\/www.esprit-entente.ch\/en\/workshops\/awareness-trainings-general-conflict-management\/","og_site_name":"Esprit d&#039;entente","article_publisher":"https:\/\/www.facebook.com\/espritentente\/","article_modified_time":"2015-09-03T08:42:22+00:00","twitter_card":"summary","twitter_misc":{"Est. reading time":"1 minute"},"schema":{"@context":"https:\/\/schema.org","@graph":[{"@type":"Organization","@id":"https:\/\/www.esprit-entente.ch\/#organization","name":"Esprit d'entente","url":"https:\/\/www.esprit-entente.ch\/","sameAs":["https:\/\/www.facebook.com\/espritentente\/","https:\/\/www.linkedin.com\/company\/esprit-d'entente","https:\/\/www.youtube.com\/channel\/UCYekS7XoRXEWh1KcfZzYuzQ"],"logo":{"@type":"ImageObject","@id":"https:\/\/www.esprit-entente.ch\/#logo","inLanguage":"en-US","url":"https:\/\/www.esprit-entente.ch\/wp-content\/uploads\/2016\/03\/12512576_1170320319659670_1084035720156766177_n.png","contentUrl":"https:\/\/www.esprit-entente.ch\/wp-content\/uploads\/2016\/03\/12512576_1170320319659670_1084035720156766177_n.png","width":180,"height":180,"caption":"Esprit d'entente"},"image":{"@id":"https:\/\/www.esprit-entente.ch\/#logo"}},{"@type":"WebSite","@id":"https:\/\/www.esprit-entente.ch\/#website","url":"https:\/\/www.esprit-entente.ch\/","name":"Esprit d&#039;entente","description":"Manage conflicts differently!","publisher":{"@id":"https:\/\/www.esprit-entente.ch\/#organization"},"potentialAction":[{"@type":"SearchAction","target":{"@type":"EntryPoint","urlTemplate":"https:\/\/www.esprit-entente.ch\/?s={search_term_string}"},"query-input":"required name=search_term_string"}],"inLanguage":"en-US"},{"@type":"WebPage","@id":"https:\/\/www.esprit-entente.ch\/en\/workshops\/awareness-trainings-general-conflict-management\/#webpage","url":"https:\/\/www.esprit-entente.ch\/en\/workshops\/awareness-trainings-general-conflict-management\/","name":"[:fr]Sensibilisation g\u00e9n\u00e9rale \u00e0 la gestion de conflits[:en]Awareness and trainings in general conflict management[:] - Esprit d&#039;entente","isPartOf":{"@id":"https:\/\/www.esprit-entente.ch\/#website"},"datePublished":"2015-08-21T13:36:34+00:00","dateModified":"2015-09-03T08:42:22+00:00","description":"A Gen\u00e8ve, coaching, m\u00e9diation et conseil juridique pour les entreprises, associations, ONG et les particuliers","breadcrumb":{"@id":"https:\/\/www.esprit-entente.ch\/en\/workshops\/awareness-trainings-general-conflict-management\/#breadcrumb"},"inLanguage":"en-US","potentialAction":[{"@type":"ReadAction","target":["https:\/\/www.esprit-entente.ch\/en\/workshops\/awareness-trainings-general-conflict-management\/"]}]},{"@type":"BreadcrumbList","@id":"https:\/\/www.esprit-entente.ch\/en\/workshops\/awareness-trainings-general-conflict-management\/#breadcrumb","itemListElement":[{"@type":"ListItem","position":1,"name":"Accueil","item":"https:\/\/www.esprit-entente.ch\/"},{"@type":"ListItem","position":2,"name":"Workshops","item":"https:\/\/www.esprit-entente.ch\/en\/workshops\/"},{"@type":"ListItem","position":3,"name":"Awareness and trainings in general conflict management"}]}]}},"_links":{"self":[{"href":"https:\/\/www.esprit-entente.ch\/en\/wp-json\/wp\/v2\/pages\/116"}],"collection":[{"href":"https:\/\/www.esprit-entente.ch\/en\/wp-json\/wp\/v2\/pages"}],"about":[{"href":"https:\/\/www.esprit-entente.ch\/en\/wp-json\/wp\/v2\/types\/page"}],"author":[{"embeddable":true,"href":"https:\/\/www.esprit-entente.ch\/en\/wp-json\/wp\/v2\/users\/1"}],"replies":[{"embeddable":true,"href":"https:\/\/www.esprit-entente.ch\/en\/wp-json\/wp\/v2\/comments?post=116"}],"version-history":[{"count":5,"href":"https:\/\/www.esprit-entente.ch\/en\/wp-json\/wp\/v2\/pages\/116\/revisions"}],"predecessor-version":[{"id":552,"href":"https:\/\/www.esprit-entente.ch\/en\/wp-json\/wp\/v2\/pages\/116\/revisions\/552"}],"up":[{"embeddable":true,"href":"https:\/\/www.esprit-entente.ch\/en\/wp-json\/wp\/v2\/pages\/61"}],"wp:attachment":[{"href":"https:\/\/www.esprit-entente.ch\/en\/wp-json\/wp\/v2\/media?parent=116"}],"curies":[{"name":"wp","href":"https:\/\/api.w.org\/{rel}","templated":true}]}}