{"id":145,"date":"2015-08-22T12:17:50","date_gmt":"2015-08-22T11:17:50","guid":{"rendered":"http:\/\/www.esprit-entente.ch\/?page_id=145"},"modified":"2015-08-31T23:52:54","modified_gmt":"2015-08-31T22:52:54","slug":"mise-en-place-dun-cadre-formel-dedie-a-la-protection-de-la-personnalite-des-employes","status":"publish","type":"page","link":"https:\/\/www.esprit-entente.ch\/en\/psychosocial-risks-in-the-workplace\/protection-employees-personal-integrity\/","title":{"rendered":"Establishment of a formal framework dedicated to the protection of the employees personal integrity"},"content":{"rendered":"<p>To be effective and applied in reality, the measures put in place by the company must imperatively be known by the employees. They must be therefore registered in a formal setting (Company\u2019s Regulation) corresponding to the specific needs of the company, its culture, its sector of activity, its environment and be commensurate with its economic capacity.<\/p>\n<p>We can assist you and advise in the writing of such documents.<\/p>","protected":false},"excerpt":{"rendered":"<p>To be effective and applied in reality, the measures put in place by the company must imperatively be known by the employees. They must be therefore registered in a formal setting (Company\u2019s Regulation) corresponding to the specific needs of the company, its culture, its sector of activity, its environment and be commensurate with its economic [&hellip;]<\/p>\n","protected":false},"author":1,"featured_media":0,"parent":43,"menu_order":0,"comment_status":"closed","ping_status":"closed","template":"","meta":{"_mi_skip_tracking":false},"acf":[],"yoast_head":"<!-- This site is optimized with the Yoast SEO plugin v16.7 - https:\/\/yoast.com\/wordpress\/plugins\/seo\/ -->\n<meta name=\"description\" content=\"A Gen\u00e8ve, coaching, m\u00e9diation et conseil juridique pour les entreprises, associations, ONG et les particuliers\" \/>\n<meta name=\"robots\" content=\"index, follow, max-snippet:-1, max-image-preview:large, max-video-preview:-1\" \/>\n<link rel=\"canonical\" href=\"https:\/\/www.esprit-entente.ch\/risques-psychosociaux-sur-le-lieu-du-travail\/protection-personnalite-employes\/\" \/>\n<meta property=\"og:locale\" content=\"en_US\" \/>\n<meta property=\"og:type\" content=\"article\" \/>\n<meta property=\"og:title\" content=\"Establishment of a formal framework dedicated to the protection of the employees personal integrity - Esprit d&#039;entente\" \/>\n<meta property=\"og:description\" content=\"A Gen\u00e8ve, coaching, m\u00e9diation et conseil juridique pour les entreprises, associations, ONG et les particuliers\" \/>\n<meta property=\"og:url\" content=\"https:\/\/www.esprit-entente.ch\/risques-psychosociaux-sur-le-lieu-du-travail\/protection-personnalite-employes\/\" \/>\n<meta property=\"og:site_name\" content=\"Esprit d&#039;entente\" \/>\n<meta property=\"article:publisher\" content=\"https:\/\/www.facebook.com\/espritentente\/\" \/>\n<meta property=\"article:modified_time\" content=\"2015-08-31T22:52:54+00:00\" \/>\n<meta name=\"twitter:card\" content=\"summary\" \/>\n<meta name=\"twitter:label1\" content=\"Est. reading time\" \/>\n\t<meta name=\"twitter:data1\" content=\"1 minute\" \/>\n<script type=\"application\/ld+json\" class=\"yoast-schema-graph\">{\"@context\":\"https:\/\/schema.org\",\"@graph\":[{\"@type\":\"Organization\",\"@id\":\"https:\/\/www.esprit-entente.ch\/#organization\",\"name\":\"Esprit d'entente\",\"url\":\"https:\/\/www.esprit-entente.ch\/\",\"sameAs\":[\"https:\/\/www.facebook.com\/espritentente\/\",\"https:\/\/www.linkedin.com\/company\/esprit-d'entente\",\"https:\/\/www.youtube.com\/channel\/UCYekS7XoRXEWh1KcfZzYuzQ\"],\"logo\":{\"@type\":\"ImageObject\",\"@id\":\"https:\/\/www.esprit-entente.ch\/#logo\",\"inLanguage\":\"en-US\",\"url\":\"https:\/\/www.esprit-entente.ch\/wp-content\/uploads\/2016\/03\/12512576_1170320319659670_1084035720156766177_n.png\",\"contentUrl\":\"https:\/\/www.esprit-entente.ch\/wp-content\/uploads\/2016\/03\/12512576_1170320319659670_1084035720156766177_n.png\",\"width\":180,\"height\":180,\"caption\":\"Esprit d'entente\"},\"image\":{\"@id\":\"https:\/\/www.esprit-entente.ch\/#logo\"}},{\"@type\":\"WebSite\",\"@id\":\"https:\/\/www.esprit-entente.ch\/#website\",\"url\":\"https:\/\/www.esprit-entente.ch\/\",\"name\":\"Esprit d&#039;entente\",\"description\":\"Manage conflicts differently!\",\"publisher\":{\"@id\":\"https:\/\/www.esprit-entente.ch\/#organization\"},\"potentialAction\":[{\"@type\":\"SearchAction\",\"target\":{\"@type\":\"EntryPoint\",\"urlTemplate\":\"https:\/\/www.esprit-entente.ch\/?s={search_term_string}\"},\"query-input\":\"required name=search_term_string\"}],\"inLanguage\":\"en-US\"},{\"@type\":\"WebPage\",\"@id\":\"https:\/\/www.esprit-entente.ch\/risques-psychosociaux-sur-le-lieu-du-travail\/protection-personnalite-employes\/#webpage\",\"url\":\"https:\/\/www.esprit-entente.ch\/risques-psychosociaux-sur-le-lieu-du-travail\/protection-personnalite-employes\/\",\"name\":\"[:fr]Mise en place d\\u2019un cadre formel d\\u00e9di\\u00e9 \\u00e0 la protection de la personnalit\\u00e9 des employ\\u00e9s[:en]Establishment of a formal framework dedicated to the protection of the employees personal integrity[:] - Esprit d&#039;entente\",\"isPartOf\":{\"@id\":\"https:\/\/www.esprit-entente.ch\/#website\"},\"datePublished\":\"2015-08-22T11:17:50+00:00\",\"dateModified\":\"2015-08-31T22:52:54+00:00\",\"description\":\"A Gen\\u00e8ve, coaching, m\\u00e9diation et conseil juridique pour les entreprises, associations, ONG et les particuliers\",\"breadcrumb\":{\"@id\":\"https:\/\/www.esprit-entente.ch\/risques-psychosociaux-sur-le-lieu-du-travail\/protection-personnalite-employes\/#breadcrumb\"},\"inLanguage\":\"en-US\",\"potentialAction\":[{\"@type\":\"ReadAction\",\"target\":[\"https:\/\/www.esprit-entente.ch\/risques-psychosociaux-sur-le-lieu-du-travail\/protection-personnalite-employes\/\"]}]},{\"@type\":\"BreadcrumbList\",\"@id\":\"https:\/\/www.esprit-entente.ch\/risques-psychosociaux-sur-le-lieu-du-travail\/protection-personnalite-employes\/#breadcrumb\",\"itemListElement\":[{\"@type\":\"ListItem\",\"position\":1,\"name\":\"Accueil\",\"item\":\"https:\/\/www.esprit-entente.ch\/\"},{\"@type\":\"ListItem\",\"position\":2,\"name\":\"Preventing and managing of psychosocial risks in the workplace\",\"item\":\"https:\/\/www.esprit-entente.ch\/en\/psychosocial-risks-in-the-workplace\/\"},{\"@type\":\"ListItem\",\"position\":3,\"name\":\"Mise en place d\\u2019un cadre formel d\\u00e9di\\u00e9 \\u00e0 la protection de la personnalit\\u00e9 des employ\\u00e9s\"}]}]}<\/script>\n<!-- \/ Yoast SEO plugin. -->","yoast_head_json":{"description":"A Gen\u00e8ve, coaching, m\u00e9diation et conseil juridique pour les entreprises, associations, ONG et les particuliers","robots":{"index":"index","follow":"follow","max-snippet":"max-snippet:-1","max-image-preview":"max-image-preview:large","max-video-preview":"max-video-preview:-1"},"canonical":"https:\/\/www.esprit-entente.ch\/risques-psychosociaux-sur-le-lieu-du-travail\/protection-personnalite-employes\/","og_locale":"en_US","og_type":"article","og_title":"Establishment of a formal framework dedicated to the protection of the employees personal integrity - Esprit d&#039;entente","og_description":"A Gen\u00e8ve, coaching, m\u00e9diation et conseil juridique pour les entreprises, associations, ONG et les particuliers","og_url":"https:\/\/www.esprit-entente.ch\/risques-psychosociaux-sur-le-lieu-du-travail\/protection-personnalite-employes\/","og_site_name":"Esprit d&#039;entente","article_publisher":"https:\/\/www.facebook.com\/espritentente\/","article_modified_time":"2015-08-31T22:52:54+00:00","twitter_card":"summary","twitter_misc":{"Est. reading time":"1 minute"},"schema":{"@context":"https:\/\/schema.org","@graph":[{"@type":"Organization","@id":"https:\/\/www.esprit-entente.ch\/#organization","name":"Esprit d'entente","url":"https:\/\/www.esprit-entente.ch\/","sameAs":["https:\/\/www.facebook.com\/espritentente\/","https:\/\/www.linkedin.com\/company\/esprit-d'entente","https:\/\/www.youtube.com\/channel\/UCYekS7XoRXEWh1KcfZzYuzQ"],"logo":{"@type":"ImageObject","@id":"https:\/\/www.esprit-entente.ch\/#logo","inLanguage":"en-US","url":"https:\/\/www.esprit-entente.ch\/wp-content\/uploads\/2016\/03\/12512576_1170320319659670_1084035720156766177_n.png","contentUrl":"https:\/\/www.esprit-entente.ch\/wp-content\/uploads\/2016\/03\/12512576_1170320319659670_1084035720156766177_n.png","width":180,"height":180,"caption":"Esprit d'entente"},"image":{"@id":"https:\/\/www.esprit-entente.ch\/#logo"}},{"@type":"WebSite","@id":"https:\/\/www.esprit-entente.ch\/#website","url":"https:\/\/www.esprit-entente.ch\/","name":"Esprit d&#039;entente","description":"Manage conflicts differently!","publisher":{"@id":"https:\/\/www.esprit-entente.ch\/#organization"},"potentialAction":[{"@type":"SearchAction","target":{"@type":"EntryPoint","urlTemplate":"https:\/\/www.esprit-entente.ch\/?s={search_term_string}"},"query-input":"required name=search_term_string"}],"inLanguage":"en-US"},{"@type":"WebPage","@id":"https:\/\/www.esprit-entente.ch\/risques-psychosociaux-sur-le-lieu-du-travail\/protection-personnalite-employes\/#webpage","url":"https:\/\/www.esprit-entente.ch\/risques-psychosociaux-sur-le-lieu-du-travail\/protection-personnalite-employes\/","name":"[:fr]Mise en place d\u2019un cadre formel d\u00e9di\u00e9 \u00e0 la protection de la personnalit\u00e9 des employ\u00e9s[:en]Establishment of a formal framework dedicated to the protection of the employees personal integrity[:] - Esprit d&#039;entente","isPartOf":{"@id":"https:\/\/www.esprit-entente.ch\/#website"},"datePublished":"2015-08-22T11:17:50+00:00","dateModified":"2015-08-31T22:52:54+00:00","description":"A Gen\u00e8ve, coaching, m\u00e9diation et conseil juridique pour les entreprises, associations, ONG et les particuliers","breadcrumb":{"@id":"https:\/\/www.esprit-entente.ch\/risques-psychosociaux-sur-le-lieu-du-travail\/protection-personnalite-employes\/#breadcrumb"},"inLanguage":"en-US","potentialAction":[{"@type":"ReadAction","target":["https:\/\/www.esprit-entente.ch\/risques-psychosociaux-sur-le-lieu-du-travail\/protection-personnalite-employes\/"]}]},{"@type":"BreadcrumbList","@id":"https:\/\/www.esprit-entente.ch\/risques-psychosociaux-sur-le-lieu-du-travail\/protection-personnalite-employes\/#breadcrumb","itemListElement":[{"@type":"ListItem","position":1,"name":"Accueil","item":"https:\/\/www.esprit-entente.ch\/"},{"@type":"ListItem","position":2,"name":"Preventing and managing of psychosocial risks in the workplace","item":"https:\/\/www.esprit-entente.ch\/en\/psychosocial-risks-in-the-workplace\/"},{"@type":"ListItem","position":3,"name":"Mise en place d\u2019un cadre formel d\u00e9di\u00e9 \u00e0 la protection de la personnalit\u00e9 des employ\u00e9s"}]}]}},"_links":{"self":[{"href":"https:\/\/www.esprit-entente.ch\/en\/wp-json\/wp\/v2\/pages\/145"}],"collection":[{"href":"https:\/\/www.esprit-entente.ch\/en\/wp-json\/wp\/v2\/pages"}],"about":[{"href":"https:\/\/www.esprit-entente.ch\/en\/wp-json\/wp\/v2\/types\/page"}],"author":[{"embeddable":true,"href":"https:\/\/www.esprit-entente.ch\/en\/wp-json\/wp\/v2\/users\/1"}],"replies":[{"embeddable":true,"href":"https:\/\/www.esprit-entente.ch\/en\/wp-json\/wp\/v2\/comments?post=145"}],"version-history":[{"count":5,"href":"https:\/\/www.esprit-entente.ch\/en\/wp-json\/wp\/v2\/pages\/145\/revisions"}],"predecessor-version":[{"id":512,"href":"https:\/\/www.esprit-entente.ch\/en\/wp-json\/wp\/v2\/pages\/145\/revisions\/512"}],"up":[{"embeddable":true,"href":"https:\/\/www.esprit-entente.ch\/en\/wp-json\/wp\/v2\/pages\/43"}],"wp:attachment":[{"href":"https:\/\/www.esprit-entente.ch\/en\/wp-json\/wp\/v2\/media?parent=145"}],"curies":[{"name":"wp","href":"https:\/\/api.w.org\/{rel}","templated":true}]}}