{"id":164,"date":"2015-08-24T09:46:06","date_gmt":"2015-08-24T08:46:06","guid":{"rendered":"http:\/\/www.esprit-entente.ch\/?page_id=164"},"modified":"2019-12-01T10:04:24","modified_gmt":"2019-12-01T09:04:24","slug":"christophe-imhoos","status":"publish","type":"page","link":"https:\/\/www.esprit-entente.ch\/en\/presentation\/who-we-are\/christophe-imhoos\/","title":{"rendered":"Christophe Imhoos"},"content":{"rendered":"<p><\/p>\n<table class=\"tReferences\">\n<tbody>\n<tr>\n<td class=\"tdEgal\"><a href=\"https:\/\/www.esprit-entente.ch\/wp-content\/uploads\/2018\/06\/HD_Christophe-Imhoos_DSC7202.jpg\"><img loading=\"lazy\" class=\"alignnone wp-image-913 size-medium\" src=\"https:\/\/www.esprit-entente.ch\/wp-content\/uploads\/2018\/06\/HD_Christophe-Imhoos_DSC7202-300x200.jpg\" alt=\"Christophe Imhoos\" width=\"300\" height=\"200\" srcset=\"https:\/\/www.esprit-entente.ch\/wp-content\/uploads\/2018\/06\/HD_Christophe-Imhoos_DSC7202-300x200.jpg 300w, https:\/\/www.esprit-entente.ch\/wp-content\/uploads\/2018\/06\/HD_Christophe-Imhoos_DSC7202-768x513.jpg 768w, https:\/\/www.esprit-entente.ch\/wp-content\/uploads\/2018\/06\/HD_Christophe-Imhoos_DSC7202-1024x683.jpg 1024w\" sizes=\"(max-width: 300px) 100vw, 300px\" \/><\/a><\/p>\n<p class=\"pLeft\"><strong>Attorney at Law at the Geneva Bar, Mediator, Arbitrator, Coach, Lecturer, Partner of Esprit d&#8217;entente SNC<\/strong><\/p>\n<\/td>\n<td class=\"tdEgal\">\n<h3>Contact<\/h3>\n<ul class=\"ulReferences\">\n<li>Tel. : + 41 (0)79 200 22 52 \/ (0)22 316 16 59<\/li>\n<li>Email : <a href=\"mailto:christophe@esprit-entente.ch\">christophe@esprit-entente.ch<\/a><\/li>\n<li>Personal website: <a style=\"font-family: inherit; font-size: inherit;\" href=\"https:\/\/www.christopheimhoos.com\/\">christopheimhoos.com<\/a><\/li>\n<\/ul>\n<h3>Languages<\/h3>\n<ul class=\"ulReferences\">\n<li>French, English<\/li>\n<\/ul>\n<\/td>\n<\/tr>\n<tr>\n<td class=\"tdEgal\">\n<h3>Education<\/h3>\n<ul class=\"ulReferences\">\n<li>University of Geneva, School of Law : <strong>Bachelor<\/strong><\/li>\n<li>Geneva State Bar :<strong> Bar Exam<br \/>\n<\/strong><\/li>\n<li><strong>Diploma in Mediation<\/strong> (Kurt Boesch Academic Institute, &#8220;IUKB&#8221;, Sion Wallis)<\/li>\n<li><strong>European Master in Mediation<\/strong> (IUKB)<\/li>\n<li><strong>Diploma in Family Mediation familiale<\/strong> (Pro-Mediation Group, GPM, Geneva, Switzerland)<\/li>\n<li><strong>Master of Comparative Jurisprudence <\/strong>(NYU, New York, USA)<\/li>\n<li><strong>Coaching<\/strong> <strong>International Institute<\/strong> Training<\/li>\n<li><strong>Collaborative Law<\/strong> Training (International Association of Collaborative Professionals, &#8220;IACP&#8221;)<\/li>\n<li><strong>Adults Trainer <\/strong>Training (BFFA)<\/li>\n<li><strong>TKI Practitioner <\/strong>(Thomas-Kilmann Conflict Mode Instrument)<\/li>\n<li>Preparation to the Swiss Federal Exam of <strong>Coach\/Supervisor<\/strong> (Synopia, Lausanne, Vaud)<\/li>\n<\/ul>\n<p>&nbsp;<\/p>\n<h3>Certifications<\/h3>\n<ul class=\"ulReferences\">\n<li>Civil and Criminal Mediator accredited by the <strong><a href=\"http:\/\/ge.ch\/justice\/mediation\" target=\"_blank\" rel=\"noopener noreferrer\">State Council of Geneva<\/a> <\/strong> and in the Cantons of Vaud and Fribourg<\/li>\n<li>Commercial Mediator certified by the <a href=\"https:\/\/skwm.ch\/fr\/\" target=\"_blank\" rel=\"noopener noreferrer\"><strong>Swiss Chamber of Commercial Mediation<\/strong> <\/a>(SCCM), the <a href=\"http:\/\/www.cmap.fr\/?lang=en\" target=\"_blank\" rel=\"noopener noreferrer\"><strong>Centre for Mediation and Arbitration of Paris<\/strong><\/a> (CMAP, Paris, France) , the <a href=\"http:\/\/www.cedr.com\/\" target=\"_blank\" rel=\"noopener noreferrer\"><strong>Center for Effective Dispute Resolution<\/strong><\/a> (CEDR, London, UK) and the <a href=\"http:\/\/www.imimediation.org\/\" target=\"_blank\" rel=\"noopener noreferrer\"><strong>International Mediation Institute<\/strong><\/a> (IMI; certification in progress)<\/li>\n<li>Accredited Mediator by the <a href=\"http:\/\/www.infomediation.ch\/cms2\/index.php?id=179&amp;L=1\" target=\"_blank\" rel=\"noopener noreferrer\"><strong>Swiss Association of Mediation Associations<\/strong> <\/a> (FSM\/SDM), the <a href=\"https:\/\/www.sav-fsa.ch\/en\/weiterbildung\/mediation\/ueber-den-mediator.html?&amp;L=1\" target=\"_blank\" rel=\"noopener noreferrer\"><strong>Swiss Bar Association<\/strong><\/a> (FSA\/SAV) and the <strong>Swiss Association of Family Mediators <\/strong>(ASMF\/SVFM)<\/li>\n<\/ul>\n<\/td>\n<td class=\"tdEgal\">\n<h3>Past Professional and Associative Experiences<\/h3>\n<ul class=\"ulReferences\">\n<li><a href=\"https:\/\/iccwbo.org\/dispute-resolution-services\/icc-international-court-arbitration\/\" target=\"_blank\" rel=\"noopener noreferrer\"><strong>International Chamber of Commerce International Court of Arbitration <\/strong><\/a>(ICC, Paris), Legal counsel<\/li>\n<li><strong>Media-Sion Association<\/strong> (association IUKB Alumni), former president<\/li>\n<li><a href=\"http:\/\/mediation-de-voisinage.ch\/asmed-geneve\/\" target=\"_blank\" rel=\"noopener noreferrer\"><strong>Geneva Association for Neighbourhood Mediation<\/strong><\/a> (AsM\u00e9d-GE), former president<\/li>\n<li><a href=\"https:\/\/mediation-mgem.ch\" target=\"_blank\" rel=\"noopener noreferrer\"><strong>Geneva Mediations Centre<\/strong><\/a> (MgeM), former Mediator and Committee member<\/li>\n<li><a href=\"https:\/\/mediations.ch\" target=\"_blank\" rel=\"noopener noreferrer\"><strong>Pro-Mediation Group<\/strong> <\/a>(GPM) : formerly in charge of General Mediation Training (FAM) and Awareness Trainings<\/li>\n<li>ADR Geneva Contact Group (GC RAD GE) : Geneva coordinator for <a href=\"http:\/\/www.mediationschweiz.ch\/cms\/fr\/accueil.html\" target=\"_blank\" rel=\"noopener noreferrer\"><strong>Mediation Switzerland<\/strong> <\/a>(CMS\/KMS)<\/li>\n<li><a href=\"http:\/\/www.fgem.ch\" target=\"_blank\" rel=\"noopener noreferrer\"><strong>Geneva Federation of Mediations<\/strong><\/a>, Past president<\/li>\n<\/ul>\n<p>&nbsp;<\/p>\n<h3>Currently<\/h3>\n<ul>\n<li><strong><a href=\"https:\/\/www.unige.ch\/cide\/fr\/formations\/formation-continue\/cas-mediation\/\" target=\"_blank\" rel=\"noopener noreferrer\">University of Geneva, Continuing Education, Interfaculty Centre for Children Laws (CIDE)<\/a><\/strong>: assistant to Professor in charge of CAS\/DAS in Mediation; in charge of training and supervision<\/li>\n<li><strong><a href=\"http:\/\/www.unige.ch\/droit\/ecav\/index.html\" target=\"_blank\" rel=\"noopener noreferrer\">University of Geneva, School for Lawyers<\/a> (ECAV)<\/strong>: Lecturer (negotiation and mediation)<\/li>\n<li><a href=\"https:\/\/droit-collaboratif-romand.ch\/en\/christophe-imhoos-fondateur-association\/#droit_pratique_collaboratifs\" target=\"_blank\" rel=\"noopener noreferrer\"><strong>Swiss Western Association for Collaborative Law and Practice<\/strong><\/a>: founder and president<\/li>\n<li><a href=\"https:\/\/www.odage.ch\/\" target=\"_blank\" rel=\"noopener noreferrer\"><strong>Geneva State Bar Association<\/strong><\/a> : member of ADR (Alternative Dispute Resolution) Commission<\/li>\n<li><a href=\"http:\/\/www.infomediation.ch\/cms\/index.php?id=179&amp;L=1\" target=\"_blank\" rel=\"noopener noreferrer\"><strong>Swiss Association of Mediation Associations<\/strong><\/a> <strong>(FSM\/SDM)<\/strong>: member of the Think Tank<\/li>\n<li><a href=\"http:\/\/www.gemme.ch\/?valider=OK&amp;lng=4\" target=\"_blank\" rel=\"noopener noreferrer\"><strong>European Grouping of Magistrates for Mediation, Swiss Section (GEMME)<\/strong><\/a>: Associate member<\/li>\n<li><a href=\"http:\/\/ge.ch\/justice\/commissions\" target=\"_blank\" rel=\"noopener noreferrer\"><strong>State of Geneva Commission for Mediation<\/strong>: <\/a>member<\/li>\n<li><a href=\"http:\/\/www.collaborativepractice.com\/\" target=\"_blank\" rel=\"noopener noreferrer\"><strong>International Academy of Collaborative Professionals<\/strong><\/a><strong> (IACP)<\/strong>: member<\/li>\n<li>Mediator to the <a href=\"https:\/\/www.coe.int\/en\/web\/portal\/home\"><strong>Council of Europe<\/strong><\/a>, Strasbourg<\/li>\n<\/ul>\n<\/td>\n<\/tr>\n<\/tbody>\n<\/table>\n<p>&nbsp;<\/p>","protected":false},"excerpt":{"rendered":"<p>Attorney at Law at the Geneva Bar, Mediator, Arbitrator, Coach, Lecturer, Partner of Esprit d&#8217;entente SNC Contact Tel. : + 41 (0)79 200 22 52 \/ (0)22 316 16 59 Email : christophe@esprit-entente.ch Personal website: christopheimhoos.com Languages French, English Education University of Geneva, School of Law : Bachelor Geneva State Bar : Bar Exam Diploma [&hellip;]<\/p>\n","protected":false},"author":1,"featured_media":0,"parent":27,"menu_order":0,"comment_status":"closed","ping_status":"closed","template":"","meta":{"_mi_skip_tracking":false},"acf":[],"yoast_head":"<!-- This site is optimized with the Yoast SEO plugin v16.7 - https:\/\/yoast.com\/wordpress\/plugins\/seo\/ -->\n<meta name=\"description\" content=\"A Gen\u00e8ve et sur la Riviera, des m\u00e9thodes \u00e0 la carte (m\u00e9diation, droit collaboratif, soutien et conseil) pour vous aider \u00e0 d\u00e9passer une situation difficile.\" \/>\n<meta name=\"robots\" content=\"index, follow, max-snippet:-1, max-image-preview:large, max-video-preview:-1\" \/>\n<link rel=\"canonical\" href=\"https:\/\/www.esprit-entente.ch\/en\/presentation\/who-we-are\/christophe-imhoos\/\" \/>\n<meta property=\"og:locale\" content=\"en_US\" \/>\n<meta property=\"og:type\" content=\"article\" \/>\n<meta property=\"og:title\" content=\"Christophe Imhoos - Esprit d&#039;entente\" \/>\n<meta property=\"og:description\" content=\"A Gen\u00e8ve et sur la Riviera, des m\u00e9thodes \u00e0 la carte (m\u00e9diation, droit collaboratif, soutien et conseil) pour vous aider \u00e0 d\u00e9passer une situation difficile.\" \/>\n<meta property=\"og:url\" content=\"https:\/\/www.esprit-entente.ch\/en\/presentation\/who-we-are\/christophe-imhoos\/\" \/>\n<meta property=\"og:site_name\" content=\"Esprit d&#039;entente\" \/>\n<meta property=\"article:publisher\" content=\"https:\/\/www.facebook.com\/espritentente\/\" \/>\n<meta property=\"article:modified_time\" content=\"2019-12-01T09:04:24+00:00\" \/>\n<meta property=\"og:image\" content=\"https:\/\/www.esprit-entente.ch\/wp-content\/uploads\/2018\/06\/HD_Christophe-Imhoos_DSC7202-300x200.jpg\" \/>\n<meta name=\"twitter:card\" content=\"summary\" \/>\n<meta name=\"twitter:label1\" content=\"Est. reading time\" \/>\n\t<meta name=\"twitter:data1\" content=\"4 minutes\" \/>\n<script type=\"application\/ld+json\" class=\"yoast-schema-graph\">{\"@context\":\"https:\/\/schema.org\",\"@graph\":[{\"@type\":\"Organization\",\"@id\":\"https:\/\/www.esprit-entente.ch\/#organization\",\"name\":\"Esprit d'entente\",\"url\":\"https:\/\/www.esprit-entente.ch\/\",\"sameAs\":[\"https:\/\/www.facebook.com\/espritentente\/\",\"https:\/\/www.linkedin.com\/company\/esprit-d'entente\",\"https:\/\/www.youtube.com\/channel\/UCYekS7XoRXEWh1KcfZzYuzQ\"],\"logo\":{\"@type\":\"ImageObject\",\"@id\":\"https:\/\/www.esprit-entente.ch\/#logo\",\"inLanguage\":\"en-US\",\"url\":\"https:\/\/www.esprit-entente.ch\/wp-content\/uploads\/2016\/03\/12512576_1170320319659670_1084035720156766177_n.png\",\"contentUrl\":\"https:\/\/www.esprit-entente.ch\/wp-content\/uploads\/2016\/03\/12512576_1170320319659670_1084035720156766177_n.png\",\"width\":180,\"height\":180,\"caption\":\"Esprit d'entente\"},\"image\":{\"@id\":\"https:\/\/www.esprit-entente.ch\/#logo\"}},{\"@type\":\"WebSite\",\"@id\":\"https:\/\/www.esprit-entente.ch\/#website\",\"url\":\"https:\/\/www.esprit-entente.ch\/\",\"name\":\"Esprit d&#039;entente\",\"description\":\"Manage conflicts differently!\",\"publisher\":{\"@id\":\"https:\/\/www.esprit-entente.ch\/#organization\"},\"potentialAction\":[{\"@type\":\"SearchAction\",\"target\":{\"@type\":\"EntryPoint\",\"urlTemplate\":\"https:\/\/www.esprit-entente.ch\/?s={search_term_string}\"},\"query-input\":\"required name=search_term_string\"}],\"inLanguage\":\"en-US\"},{\"@type\":\"ImageObject\",\"@id\":\"https:\/\/www.esprit-entente.ch\/en\/presentation\/who-we-are\/christophe-imhoos\/#primaryimage\",\"inLanguage\":\"en-US\",\"url\":\"https:\/\/www.esprit-entente.ch\/wp-content\/uploads\/2018\/06\/HD_Christophe-Imhoos_DSC7202.jpg\",\"contentUrl\":\"https:\/\/www.esprit-entente.ch\/wp-content\/uploads\/2018\/06\/HD_Christophe-Imhoos_DSC7202.jpg\",\"width\":7171,\"height\":4786,\"caption\":\"Christophe Imhoos\"},{\"@type\":\"WebPage\",\"@id\":\"https:\/\/www.esprit-entente.ch\/en\/presentation\/who-we-are\/christophe-imhoos\/#webpage\",\"url\":\"https:\/\/www.esprit-entente.ch\/en\/presentation\/who-we-are\/christophe-imhoos\/\",\"name\":\"Christophe Imhoos - Esprit d&#039;entente\",\"isPartOf\":{\"@id\":\"https:\/\/www.esprit-entente.ch\/#website\"},\"primaryImageOfPage\":{\"@id\":\"https:\/\/www.esprit-entente.ch\/en\/presentation\/who-we-are\/christophe-imhoos\/#primaryimage\"},\"datePublished\":\"2015-08-24T08:46:06+00:00\",\"dateModified\":\"2019-12-01T09:04:24+00:00\",\"description\":\"A Gen\\u00e8ve et sur la Riviera, des m\\u00e9thodes \\u00e0 la carte (m\\u00e9diation, droit collaboratif, soutien et conseil) pour vous aider \\u00e0 d\\u00e9passer une situation difficile.\",\"breadcrumb\":{\"@id\":\"https:\/\/www.esprit-entente.ch\/en\/presentation\/who-we-are\/christophe-imhoos\/#breadcrumb\"},\"inLanguage\":\"en-US\",\"potentialAction\":[{\"@type\":\"ReadAction\",\"target\":[\"https:\/\/www.esprit-entente.ch\/en\/presentation\/who-we-are\/christophe-imhoos\/\"]}]},{\"@type\":\"BreadcrumbList\",\"@id\":\"https:\/\/www.esprit-entente.ch\/en\/presentation\/who-we-are\/christophe-imhoos\/#breadcrumb\",\"itemListElement\":[{\"@type\":\"ListItem\",\"position\":1,\"name\":\"Accueil\",\"item\":\"https:\/\/www.esprit-entente.ch\/\"},{\"@type\":\"ListItem\",\"position\":2,\"name\":\"Presentation\",\"item\":\"https:\/\/www.esprit-entente.ch\/en\/presentation\/\"},{\"@type\":\"ListItem\",\"position\":3,\"name\":\"A propos de nous\",\"item\":\"https:\/\/www.esprit-entente.ch\/presentation\/a-propos-de-nous\/\"},{\"@type\":\"ListItem\",\"position\":4,\"name\":\"Christophe Imhoos\"}]}]}<\/script>\n<!-- \/ Yoast SEO plugin. -->","yoast_head_json":{"description":"A Gen\u00e8ve et sur la Riviera, des m\u00e9thodes \u00e0 la carte (m\u00e9diation, droit collaboratif, soutien et conseil) pour vous aider \u00e0 d\u00e9passer une situation difficile.","robots":{"index":"index","follow":"follow","max-snippet":"max-snippet:-1","max-image-preview":"max-image-preview:large","max-video-preview":"max-video-preview:-1"},"canonical":"https:\/\/www.esprit-entente.ch\/en\/presentation\/who-we-are\/christophe-imhoos\/","og_locale":"en_US","og_type":"article","og_title":"Christophe Imhoos - Esprit d&#039;entente","og_description":"A Gen\u00e8ve et sur la Riviera, des m\u00e9thodes \u00e0 la carte (m\u00e9diation, droit collaboratif, soutien et conseil) pour vous aider \u00e0 d\u00e9passer une situation difficile.","og_url":"https:\/\/www.esprit-entente.ch\/en\/presentation\/who-we-are\/christophe-imhoos\/","og_site_name":"Esprit d&#039;entente","article_publisher":"https:\/\/www.facebook.com\/espritentente\/","article_modified_time":"2019-12-01T09:04:24+00:00","og_image":[{"url":"https:\/\/www.esprit-entente.ch\/wp-content\/uploads\/2018\/06\/HD_Christophe-Imhoos_DSC7202-300x200.jpg"}],"twitter_card":"summary","twitter_misc":{"Est. reading time":"4 minutes"},"schema":{"@context":"https:\/\/schema.org","@graph":[{"@type":"Organization","@id":"https:\/\/www.esprit-entente.ch\/#organization","name":"Esprit d'entente","url":"https:\/\/www.esprit-entente.ch\/","sameAs":["https:\/\/www.facebook.com\/espritentente\/","https:\/\/www.linkedin.com\/company\/esprit-d'entente","https:\/\/www.youtube.com\/channel\/UCYekS7XoRXEWh1KcfZzYuzQ"],"logo":{"@type":"ImageObject","@id":"https:\/\/www.esprit-entente.ch\/#logo","inLanguage":"en-US","url":"https:\/\/www.esprit-entente.ch\/wp-content\/uploads\/2016\/03\/12512576_1170320319659670_1084035720156766177_n.png","contentUrl":"https:\/\/www.esprit-entente.ch\/wp-content\/uploads\/2016\/03\/12512576_1170320319659670_1084035720156766177_n.png","width":180,"height":180,"caption":"Esprit d'entente"},"image":{"@id":"https:\/\/www.esprit-entente.ch\/#logo"}},{"@type":"WebSite","@id":"https:\/\/www.esprit-entente.ch\/#website","url":"https:\/\/www.esprit-entente.ch\/","name":"Esprit d&#039;entente","description":"Manage conflicts differently!","publisher":{"@id":"https:\/\/www.esprit-entente.ch\/#organization"},"potentialAction":[{"@type":"SearchAction","target":{"@type":"EntryPoint","urlTemplate":"https:\/\/www.esprit-entente.ch\/?s={search_term_string}"},"query-input":"required name=search_term_string"}],"inLanguage":"en-US"},{"@type":"ImageObject","@id":"https:\/\/www.esprit-entente.ch\/en\/presentation\/who-we-are\/christophe-imhoos\/#primaryimage","inLanguage":"en-US","url":"https:\/\/www.esprit-entente.ch\/wp-content\/uploads\/2018\/06\/HD_Christophe-Imhoos_DSC7202.jpg","contentUrl":"https:\/\/www.esprit-entente.ch\/wp-content\/uploads\/2018\/06\/HD_Christophe-Imhoos_DSC7202.jpg","width":7171,"height":4786,"caption":"Christophe Imhoos"},{"@type":"WebPage","@id":"https:\/\/www.esprit-entente.ch\/en\/presentation\/who-we-are\/christophe-imhoos\/#webpage","url":"https:\/\/www.esprit-entente.ch\/en\/presentation\/who-we-are\/christophe-imhoos\/","name":"Christophe Imhoos - Esprit d&#039;entente","isPartOf":{"@id":"https:\/\/www.esprit-entente.ch\/#website"},"primaryImageOfPage":{"@id":"https:\/\/www.esprit-entente.ch\/en\/presentation\/who-we-are\/christophe-imhoos\/#primaryimage"},"datePublished":"2015-08-24T08:46:06+00:00","dateModified":"2019-12-01T09:04:24+00:00","description":"A Gen\u00e8ve et sur la Riviera, des m\u00e9thodes \u00e0 la carte (m\u00e9diation, droit collaboratif, soutien et conseil) pour vous aider \u00e0 d\u00e9passer une situation difficile.","breadcrumb":{"@id":"https:\/\/www.esprit-entente.ch\/en\/presentation\/who-we-are\/christophe-imhoos\/#breadcrumb"},"inLanguage":"en-US","potentialAction":[{"@type":"ReadAction","target":["https:\/\/www.esprit-entente.ch\/en\/presentation\/who-we-are\/christophe-imhoos\/"]}]},{"@type":"BreadcrumbList","@id":"https:\/\/www.esprit-entente.ch\/en\/presentation\/who-we-are\/christophe-imhoos\/#breadcrumb","itemListElement":[{"@type":"ListItem","position":1,"name":"Accueil","item":"https:\/\/www.esprit-entente.ch\/"},{"@type":"ListItem","position":2,"name":"Presentation","item":"https:\/\/www.esprit-entente.ch\/en\/presentation\/"},{"@type":"ListItem","position":3,"name":"A propos de nous","item":"https:\/\/www.esprit-entente.ch\/presentation\/a-propos-de-nous\/"},{"@type":"ListItem","position":4,"name":"Christophe Imhoos"}]}]}},"_links":{"self":[{"href":"https:\/\/www.esprit-entente.ch\/en\/wp-json\/wp\/v2\/pages\/164"}],"collection":[{"href":"https:\/\/www.esprit-entente.ch\/en\/wp-json\/wp\/v2\/pages"}],"about":[{"href":"https:\/\/www.esprit-entente.ch\/en\/wp-json\/wp\/v2\/types\/page"}],"author":[{"embeddable":true,"href":"https:\/\/www.esprit-entente.ch\/en\/wp-json\/wp\/v2\/users\/1"}],"replies":[{"embeddable":true,"href":"https:\/\/www.esprit-entente.ch\/en\/wp-json\/wp\/v2\/comments?post=164"}],"version-history":[{"count":42,"href":"https:\/\/www.esprit-entente.ch\/en\/wp-json\/wp\/v2\/pages\/164\/revisions"}],"predecessor-version":[{"id":1180,"href":"https:\/\/www.esprit-entente.ch\/en\/wp-json\/wp\/v2\/pages\/164\/revisions\/1180"}],"up":[{"embeddable":true,"href":"https:\/\/www.esprit-entente.ch\/en\/wp-json\/wp\/v2\/pages\/27"}],"wp:attachment":[{"href":"https:\/\/www.esprit-entente.ch\/en\/wp-json\/wp\/v2\/media?parent=164"}],"curies":[{"name":"wp","href":"https:\/\/api.w.org\/{rel}","templated":true}]}}