{"id":24,"date":"2015-08-18T14:59:59","date_gmt":"2015-08-18T13:59:59","guid":{"rendered":"http:\/\/www.esprit-entente.ch\/?page_id=24"},"modified":"2019-11-27T17:36:39","modified_gmt":"2019-11-27T16:36:39","slug":"mediation","status":"publish","type":"page","link":"https:\/\/www.esprit-entente.ch\/en\/mediation\/","title":{"rendered":"Mediation"},"content":{"rendered":"<p>We intervene in this context either as an individual mediator, or together, as co-mediators.<\/p>\n<p>Mediation is a <strong>voluntary<\/strong> and <strong>confidential<\/strong> process of conflict management whereby parties seek the assistance of a neutral, independent and impartial person, the mediator. His role aims at helping people to reach, by themselves, with full knowledge, a <strong>fair settlement<\/strong> that respects the needs of each of its participants.<\/p>\n<p>Mediation is based upon the free undertaking of its participants. Full confidentiality and its <strong>neutral<\/strong> setting favor the expression of facts and feelings. It creates a <strong>new way of listening<\/strong> and a better <strong>understanding<\/strong> between everyone.<\/p>\n<p>Compared to other methods of conflict management, mediation is <strong>quicker<\/strong>, <strong>less expensive<\/strong>, <strong>more flexible<\/strong> and respectful of the parties&#8217; relationships.<\/p>\n<p>Practically, mediation is a two-step process:<\/p>\n<ol>\n<li><strong>Private meeting<\/strong> which aims at identifying the issues and preparing joint meetings<\/li>\n<li><strong>Joint meetings<\/strong> during which people exchange their points of view and elaborate solutions that conform to their mutual interests.<\/li>\n<\/ol>\n<p>Depending on the needs expressed by the participants, joint sessions can also be organized immediately.<\/p>\n<p><strong><a href=\"https:\/\/www.esprit-entente.ch\/en\/mediation\/family\/\">\/ Family mediation<\/a><\/strong><br \/>\n<strong><a href=\"https:\/\/www.esprit-entente.ch\/en\/mediation\/workplace-conflicts\/\">\/ Workplace mediation<\/a><\/strong><br \/>\n<strong><a href=\"https:\/\/www.esprit-entente.ch\/en\/mediation\/commercial\/\">\/ Commercial mediation<\/a><\/strong><br \/>\n<strong><a href=\"https:\/\/www.esprit-entente.ch\/en\/mediation\/judicial\/\">\/ Judicial mediation<\/a><\/strong><br \/>\n<strong><a href=\"https:\/\/www.esprit-entente.ch\/en\/mediation\/groups\/\">\/ Group mediation<\/a><\/strong><br \/>\n<strong><a href=\"https:\/\/www.esprit-entente.ch\/en\/mediation\/neighborhood-and-lease\/\">\/ Neighborhood and lease mediation<\/a><\/strong><\/p>","protected":false},"excerpt":{"rendered":"<p>We intervene in this context either as an individual mediator, or together, as co-mediators. Mediation is a voluntary and confidential process of conflict management whereby parties seek the assistance of a neutral, independent and impartial person, the mediator. His role aims at helping people to reach, by themselves, with full knowledge, a fair settlement that [&hellip;]<\/p>\n","protected":false},"author":1,"featured_media":0,"parent":0,"menu_order":0,"comment_status":"closed","ping_status":"closed","template":"","meta":{"_mi_skip_tracking":false},"acf":[],"yoast_head":"<!-- This site is optimized with the Yoast SEO plugin v16.7 - https:\/\/yoast.com\/wordpress\/plugins\/seo\/ -->\n<meta name=\"description\" content=\"A Gen\u00e8ve, coaching, m\u00e9diation pour les entreprises, associations, ONG et les particuliers\" \/>\n<meta name=\"robots\" content=\"index, follow, max-snippet:-1, max-image-preview:large, max-video-preview:-1\" \/>\n<link rel=\"canonical\" href=\"https:\/\/www.esprit-entente.ch\/en\/mediation\/\" \/>\n<meta property=\"og:locale\" content=\"en_US\" \/>\n<meta property=\"og:type\" content=\"article\" \/>\n<meta property=\"og:title\" content=\"M\u00e9diation \u00e0 Gen\u00e8ve - Esprit d&#039;entente\" \/>\n<meta property=\"og:description\" content=\"A Gen\u00e8ve, coaching, m\u00e9diation pour les entreprises, associations, ONG et les particuliers\" \/>\n<meta property=\"og:url\" content=\"https:\/\/www.esprit-entente.ch\/en\/mediation\/\" \/>\n<meta property=\"og:site_name\" content=\"Esprit d&#039;entente\" \/>\n<meta property=\"article:publisher\" content=\"https:\/\/www.facebook.com\/espritentente\/\" \/>\n<meta property=\"article:modified_time\" content=\"2019-11-27T16:36:39+00:00\" \/>\n<meta name=\"twitter:card\" content=\"summary\" \/>\n<meta name=\"twitter:label1\" content=\"Est. reading time\" \/>\n\t<meta name=\"twitter:data1\" content=\"2 minutes\" \/>\n<script type=\"application\/ld+json\" class=\"yoast-schema-graph\">{\"@context\":\"https:\/\/schema.org\",\"@graph\":[{\"@type\":\"Organization\",\"@id\":\"https:\/\/www.esprit-entente.ch\/#organization\",\"name\":\"Esprit d'entente\",\"url\":\"https:\/\/www.esprit-entente.ch\/\",\"sameAs\":[\"https:\/\/www.facebook.com\/espritentente\/\",\"https:\/\/www.linkedin.com\/company\/esprit-d'entente\",\"https:\/\/www.youtube.com\/channel\/UCYekS7XoRXEWh1KcfZzYuzQ\"],\"logo\":{\"@type\":\"ImageObject\",\"@id\":\"https:\/\/www.esprit-entente.ch\/#logo\",\"inLanguage\":\"en-US\",\"url\":\"https:\/\/www.esprit-entente.ch\/wp-content\/uploads\/2016\/03\/12512576_1170320319659670_1084035720156766177_n.png\",\"contentUrl\":\"https:\/\/www.esprit-entente.ch\/wp-content\/uploads\/2016\/03\/12512576_1170320319659670_1084035720156766177_n.png\",\"width\":180,\"height\":180,\"caption\":\"Esprit d'entente\"},\"image\":{\"@id\":\"https:\/\/www.esprit-entente.ch\/#logo\"}},{\"@type\":\"WebSite\",\"@id\":\"https:\/\/www.esprit-entente.ch\/#website\",\"url\":\"https:\/\/www.esprit-entente.ch\/\",\"name\":\"Esprit d&#039;entente\",\"description\":\"Manage conflicts differently!\",\"publisher\":{\"@id\":\"https:\/\/www.esprit-entente.ch\/#organization\"},\"potentialAction\":[{\"@type\":\"SearchAction\",\"target\":{\"@type\":\"EntryPoint\",\"urlTemplate\":\"https:\/\/www.esprit-entente.ch\/?s={search_term_string}\"},\"query-input\":\"required name=search_term_string\"}],\"inLanguage\":\"en-US\"},{\"@type\":\"WebPage\",\"@id\":\"https:\/\/www.esprit-entente.ch\/en\/mediation\/#webpage\",\"url\":\"https:\/\/www.esprit-entente.ch\/en\/mediation\/\",\"name\":\"M\\u00e9diation \\u00e0 Gen\\u00e8ve - Esprit d'entente\",\"isPartOf\":{\"@id\":\"https:\/\/www.esprit-entente.ch\/#website\"},\"datePublished\":\"2015-08-18T13:59:59+00:00\",\"dateModified\":\"2019-11-27T16:36:39+00:00\",\"description\":\"A Gen\\u00e8ve, coaching, m\\u00e9diation pour les entreprises, associations, ONG et les particuliers\",\"breadcrumb\":{\"@id\":\"https:\/\/www.esprit-entente.ch\/en\/mediation\/#breadcrumb\"},\"inLanguage\":\"en-US\",\"potentialAction\":[{\"@type\":\"ReadAction\",\"target\":[\"https:\/\/www.esprit-entente.ch\/en\/mediation\/\"]}]},{\"@type\":\"BreadcrumbList\",\"@id\":\"https:\/\/www.esprit-entente.ch\/en\/mediation\/#breadcrumb\",\"itemListElement\":[{\"@type\":\"ListItem\",\"position\":1,\"name\":\"Accueil\",\"item\":\"https:\/\/www.esprit-entente.ch\/\"},{\"@type\":\"ListItem\",\"position\":2,\"name\":\"Mediation\"}]}]}<\/script>\n<!-- \/ Yoast SEO plugin. -->","yoast_head_json":{"description":"A Gen\u00e8ve, coaching, m\u00e9diation pour les entreprises, associations, ONG et les particuliers","robots":{"index":"index","follow":"follow","max-snippet":"max-snippet:-1","max-image-preview":"max-image-preview:large","max-video-preview":"max-video-preview:-1"},"canonical":"https:\/\/www.esprit-entente.ch\/en\/mediation\/","og_locale":"en_US","og_type":"article","og_title":"M\u00e9diation \u00e0 Gen\u00e8ve - Esprit d'entente","og_description":"A Gen\u00e8ve, coaching, m\u00e9diation pour les entreprises, associations, ONG et les particuliers","og_url":"https:\/\/www.esprit-entente.ch\/en\/mediation\/","og_site_name":"Esprit d&#039;entente","article_publisher":"https:\/\/www.facebook.com\/espritentente\/","article_modified_time":"2019-11-27T16:36:39+00:00","twitter_card":"summary","twitter_misc":{"Est. reading time":"2 minutes"},"schema":{"@context":"https:\/\/schema.org","@graph":[{"@type":"Organization","@id":"https:\/\/www.esprit-entente.ch\/#organization","name":"Esprit d'entente","url":"https:\/\/www.esprit-entente.ch\/","sameAs":["https:\/\/www.facebook.com\/espritentente\/","https:\/\/www.linkedin.com\/company\/esprit-d'entente","https:\/\/www.youtube.com\/channel\/UCYekS7XoRXEWh1KcfZzYuzQ"],"logo":{"@type":"ImageObject","@id":"https:\/\/www.esprit-entente.ch\/#logo","inLanguage":"en-US","url":"https:\/\/www.esprit-entente.ch\/wp-content\/uploads\/2016\/03\/12512576_1170320319659670_1084035720156766177_n.png","contentUrl":"https:\/\/www.esprit-entente.ch\/wp-content\/uploads\/2016\/03\/12512576_1170320319659670_1084035720156766177_n.png","width":180,"height":180,"caption":"Esprit d'entente"},"image":{"@id":"https:\/\/www.esprit-entente.ch\/#logo"}},{"@type":"WebSite","@id":"https:\/\/www.esprit-entente.ch\/#website","url":"https:\/\/www.esprit-entente.ch\/","name":"Esprit d&#039;entente","description":"Manage conflicts differently!","publisher":{"@id":"https:\/\/www.esprit-entente.ch\/#organization"},"potentialAction":[{"@type":"SearchAction","target":{"@type":"EntryPoint","urlTemplate":"https:\/\/www.esprit-entente.ch\/?s={search_term_string}"},"query-input":"required name=search_term_string"}],"inLanguage":"en-US"},{"@type":"WebPage","@id":"https:\/\/www.esprit-entente.ch\/en\/mediation\/#webpage","url":"https:\/\/www.esprit-entente.ch\/en\/mediation\/","name":"M\u00e9diation \u00e0 Gen\u00e8ve - Esprit d'entente","isPartOf":{"@id":"https:\/\/www.esprit-entente.ch\/#website"},"datePublished":"2015-08-18T13:59:59+00:00","dateModified":"2019-11-27T16:36:39+00:00","description":"A Gen\u00e8ve, coaching, m\u00e9diation pour les entreprises, associations, ONG et les particuliers","breadcrumb":{"@id":"https:\/\/www.esprit-entente.ch\/en\/mediation\/#breadcrumb"},"inLanguage":"en-US","potentialAction":[{"@type":"ReadAction","target":["https:\/\/www.esprit-entente.ch\/en\/mediation\/"]}]},{"@type":"BreadcrumbList","@id":"https:\/\/www.esprit-entente.ch\/en\/mediation\/#breadcrumb","itemListElement":[{"@type":"ListItem","position":1,"name":"Accueil","item":"https:\/\/www.esprit-entente.ch\/"},{"@type":"ListItem","position":2,"name":"Mediation"}]}]}},"_links":{"self":[{"href":"https:\/\/www.esprit-entente.ch\/en\/wp-json\/wp\/v2\/pages\/24"}],"collection":[{"href":"https:\/\/www.esprit-entente.ch\/en\/wp-json\/wp\/v2\/pages"}],"about":[{"href":"https:\/\/www.esprit-entente.ch\/en\/wp-json\/wp\/v2\/types\/page"}],"author":[{"embeddable":true,"href":"https:\/\/www.esprit-entente.ch\/en\/wp-json\/wp\/v2\/users\/1"}],"replies":[{"embeddable":true,"href":"https:\/\/www.esprit-entente.ch\/en\/wp-json\/wp\/v2\/comments?post=24"}],"version-history":[{"count":28,"href":"https:\/\/www.esprit-entente.ch\/en\/wp-json\/wp\/v2\/pages\/24\/revisions"}],"predecessor-version":[{"id":1165,"href":"https:\/\/www.esprit-entente.ch\/en\/wp-json\/wp\/v2\/pages\/24\/revisions\/1165"}],"wp:attachment":[{"href":"https:\/\/www.esprit-entente.ch\/en\/wp-json\/wp\/v2\/media?parent=24"}],"curies":[{"name":"wp","href":"https:\/\/api.w.org\/{rel}","templated":true}]}}