{"id":65,"date":"2015-08-18T16:02:58","date_gmt":"2015-08-18T15:02:58","guid":{"rendered":"http:\/\/www.esprit-entente.ch\/?page_id=65"},"modified":"2019-12-05T13:13:46","modified_gmt":"2019-12-05T12:13:46","slug":"droit-collaboratif","status":"publish","type":"page","link":"https:\/\/www.esprit-entente.ch\/en\/collaborative-law\/","title":{"rendered":"Collaborative law"},"content":{"rendered":"<p><strong><a href=\"https:\/\/droit-collaboratif-romand.ch\/en\/nouvelle-approche-du-droit\/\" target=\"_blank\" rel=\"noopener noreferrer\">Collaborative Law<\/a> <\/strong>is a new approach to conflict management and settlement of disputes to which <strong>collaborate<\/strong> lawyers and clients. It is recommended for those wishing to be able to settle their dispute by consensus whilst enjoying the support and expertise of a lawyer.<\/p>\n<p>This method applies to any problem related to family, inheritance, real property, leases and rents, neighbourhood, health, company and association of persons, business, trade and, generally, to any type of bipartite or multi-party conflicts relating to private, family or commercial interests.<\/p>\n<p>According to this approach, attorneys and clients, <strong>work altogether<\/strong> <strong>as a team<\/strong> with the aim of reaching a <strong>satisfactory agreement<\/strong>. Lawyers are not adversaries but nevertheless have the primary responsibility to legally <strong>advise<\/strong> and support their clients in the negotiation of an agreement. Thus, between two sessions, each party individually meets his lawyer to benefit from his advice and legal advice and to prepare the next joint session.<\/p>\n<p>Collaborative Law allows, if necessary, the participation of <strong>experts<\/strong> (accountant, coach, psychologist, etc.); we can also act as a simple <strong><a href=\"http:\/\/www.esprit-entente.ch\/en\/coaching\/\" target=\"_blank\" rel=\"noopener noreferrer\">coach<\/a>.<\/strong><\/p>\n<p>To initiate the process, each of the parties shall be assisted by a lawyer practicing this approach, knowing that the latter shall <strong>withdraw<\/strong>, in case they fail to reach a settlement agreement and decide to bring the case before the Courts. We have at your disposal a list of Collaborative lawyers practising in French-speaking Switzerland whose we are part of.<\/p>\n<p>Esprit d&#8217;entente also offers <strong>basic training<\/strong> for professionals interested in this method of participatory conflict management.<\/p>\n<p>&nbsp;<\/p>\n<p style=\"text-align: center;\"><iframe loading=\"lazy\" src=\"https:\/\/www.youtube.com\/embed\/nq9kIMx1ZxA\" width=\"560\" height=\"315\"  frameborder=\"0\" allowfullscreen=\"allowfullscreen\"><span data-mce-type=\"bookmark\" style=\"display: inline-block; width: 0px; overflow: hidden; line-height: 0;\" class=\"mce_SELRES_start\">\ufeff<\/span><\/iframe><\/p>\n<p><\/p>","protected":false},"excerpt":{"rendered":"<p>Collaborative Law is a new approach to conflict management and settlement of disputes to which collaborate lawyers and clients. It is recommended for those wishing to be able to settle their dispute by consensus whilst enjoying the support and expertise of a lawyer. This method applies to any problem related to family, inheritance, real property, [&hellip;]<\/p>\n","protected":false},"author":1,"featured_media":0,"parent":0,"menu_order":0,"comment_status":"closed","ping_status":"closed","template":"","meta":{"_mi_skip_tracking":false},"acf":[],"yoast_head":"<!-- This site is optimized with the Yoast SEO plugin v16.7 - https:\/\/yoast.com\/wordpress\/plugins\/seo\/ -->\n<meta name=\"description\" content=\"De Gen\u00e8ve \u00e0 la Riviera, services de droit collaboratif, m\u00e9diation et conseil juridique pour les entreprises, associations, ONG et les particuliers\" \/>\n<meta name=\"robots\" content=\"index, follow, max-snippet:-1, max-image-preview:large, max-video-preview:-1\" \/>\n<link rel=\"canonical\" href=\"https:\/\/www.esprit-entente.ch\/en\/collaborative-law\/\" \/>\n<meta property=\"og:locale\" content=\"en_US\" \/>\n<meta property=\"og:type\" content=\"article\" \/>\n<meta property=\"og:title\" content=\"Collaborative law - Esprit d&#039;entente\" \/>\n<meta property=\"og:description\" content=\"De Gen\u00e8ve \u00e0 la Riviera, services de droit collaboratif, m\u00e9diation et conseil juridique pour les entreprises, associations, ONG et les particuliers\" \/>\n<meta property=\"og:url\" content=\"https:\/\/www.esprit-entente.ch\/en\/collaborative-law\/\" \/>\n<meta property=\"og:site_name\" content=\"Esprit d&#039;entente\" \/>\n<meta property=\"article:publisher\" content=\"https:\/\/www.facebook.com\/espritentente\/\" \/>\n<meta property=\"article:modified_time\" content=\"2019-12-05T12:13:46+00:00\" \/>\n<meta name=\"twitter:card\" content=\"summary\" \/>\n<meta name=\"twitter:label1\" content=\"Est. reading time\" \/>\n\t<meta name=\"twitter:data1\" content=\"3 minutes\" \/>\n<script type=\"application\/ld+json\" class=\"yoast-schema-graph\">{\"@context\":\"https:\/\/schema.org\",\"@graph\":[{\"@type\":\"Organization\",\"@id\":\"https:\/\/www.esprit-entente.ch\/#organization\",\"name\":\"Esprit d'entente\",\"url\":\"https:\/\/www.esprit-entente.ch\/\",\"sameAs\":[\"https:\/\/www.facebook.com\/espritentente\/\",\"https:\/\/www.linkedin.com\/company\/esprit-d'entente\",\"https:\/\/www.youtube.com\/channel\/UCYekS7XoRXEWh1KcfZzYuzQ\"],\"logo\":{\"@type\":\"ImageObject\",\"@id\":\"https:\/\/www.esprit-entente.ch\/#logo\",\"inLanguage\":\"en-US\",\"url\":\"https:\/\/www.esprit-entente.ch\/wp-content\/uploads\/2016\/03\/12512576_1170320319659670_1084035720156766177_n.png\",\"contentUrl\":\"https:\/\/www.esprit-entente.ch\/wp-content\/uploads\/2016\/03\/12512576_1170320319659670_1084035720156766177_n.png\",\"width\":180,\"height\":180,\"caption\":\"Esprit d'entente\"},\"image\":{\"@id\":\"https:\/\/www.esprit-entente.ch\/#logo\"}},{\"@type\":\"WebSite\",\"@id\":\"https:\/\/www.esprit-entente.ch\/#website\",\"url\":\"https:\/\/www.esprit-entente.ch\/\",\"name\":\"Esprit d&#039;entente\",\"description\":\"Manage conflicts differently!\",\"publisher\":{\"@id\":\"https:\/\/www.esprit-entente.ch\/#organization\"},\"potentialAction\":[{\"@type\":\"SearchAction\",\"target\":{\"@type\":\"EntryPoint\",\"urlTemplate\":\"https:\/\/www.esprit-entente.ch\/?s={search_term_string}\"},\"query-input\":\"required name=search_term_string\"}],\"inLanguage\":\"en-US\"},{\"@type\":\"WebPage\",\"@id\":\"https:\/\/www.esprit-entente.ch\/en\/collaborative-law\/#webpage\",\"url\":\"https:\/\/www.esprit-entente.ch\/en\/collaborative-law\/\",\"name\":\"[:fr]Droit collaboratif[:en]Collaborative law[:] - Esprit d&#039;entente\",\"isPartOf\":{\"@id\":\"https:\/\/www.esprit-entente.ch\/#website\"},\"datePublished\":\"2015-08-18T15:02:58+00:00\",\"dateModified\":\"2019-12-05T12:13:46+00:00\",\"description\":\"De Gen\\u00e8ve \\u00e0 la Riviera, services de droit collaboratif, m\\u00e9diation et conseil juridique pour les entreprises, associations, ONG et les particuliers\",\"breadcrumb\":{\"@id\":\"https:\/\/www.esprit-entente.ch\/en\/collaborative-law\/#breadcrumb\"},\"inLanguage\":\"en-US\",\"potentialAction\":[{\"@type\":\"ReadAction\",\"target\":[\"https:\/\/www.esprit-entente.ch\/en\/collaborative-law\/\"]}]},{\"@type\":\"BreadcrumbList\",\"@id\":\"https:\/\/www.esprit-entente.ch\/en\/collaborative-law\/#breadcrumb\",\"itemListElement\":[{\"@type\":\"ListItem\",\"position\":1,\"name\":\"Accueil\",\"item\":\"https:\/\/www.esprit-entente.ch\/\"},{\"@type\":\"ListItem\",\"position\":2,\"name\":\"Collaborative law\"}]}]}<\/script>\n<!-- \/ Yoast SEO plugin. -->","yoast_head_json":{"description":"De Gen\u00e8ve \u00e0 la Riviera, services de droit collaboratif, m\u00e9diation et conseil juridique pour les entreprises, associations, ONG et les particuliers","robots":{"index":"index","follow":"follow","max-snippet":"max-snippet:-1","max-image-preview":"max-image-preview:large","max-video-preview":"max-video-preview:-1"},"canonical":"https:\/\/www.esprit-entente.ch\/en\/collaborative-law\/","og_locale":"en_US","og_type":"article","og_title":"Collaborative law - Esprit d&#039;entente","og_description":"De Gen\u00e8ve \u00e0 la Riviera, services de droit collaboratif, m\u00e9diation et conseil juridique pour les entreprises, associations, ONG et les particuliers","og_url":"https:\/\/www.esprit-entente.ch\/en\/collaborative-law\/","og_site_name":"Esprit d&#039;entente","article_publisher":"https:\/\/www.facebook.com\/espritentente\/","article_modified_time":"2019-12-05T12:13:46+00:00","twitter_card":"summary","twitter_misc":{"Est. reading time":"3 minutes"},"schema":{"@context":"https:\/\/schema.org","@graph":[{"@type":"Organization","@id":"https:\/\/www.esprit-entente.ch\/#organization","name":"Esprit d'entente","url":"https:\/\/www.esprit-entente.ch\/","sameAs":["https:\/\/www.facebook.com\/espritentente\/","https:\/\/www.linkedin.com\/company\/esprit-d'entente","https:\/\/www.youtube.com\/channel\/UCYekS7XoRXEWh1KcfZzYuzQ"],"logo":{"@type":"ImageObject","@id":"https:\/\/www.esprit-entente.ch\/#logo","inLanguage":"en-US","url":"https:\/\/www.esprit-entente.ch\/wp-content\/uploads\/2016\/03\/12512576_1170320319659670_1084035720156766177_n.png","contentUrl":"https:\/\/www.esprit-entente.ch\/wp-content\/uploads\/2016\/03\/12512576_1170320319659670_1084035720156766177_n.png","width":180,"height":180,"caption":"Esprit d'entente"},"image":{"@id":"https:\/\/www.esprit-entente.ch\/#logo"}},{"@type":"WebSite","@id":"https:\/\/www.esprit-entente.ch\/#website","url":"https:\/\/www.esprit-entente.ch\/","name":"Esprit d&#039;entente","description":"Manage conflicts differently!","publisher":{"@id":"https:\/\/www.esprit-entente.ch\/#organization"},"potentialAction":[{"@type":"SearchAction","target":{"@type":"EntryPoint","urlTemplate":"https:\/\/www.esprit-entente.ch\/?s={search_term_string}"},"query-input":"required name=search_term_string"}],"inLanguage":"en-US"},{"@type":"WebPage","@id":"https:\/\/www.esprit-entente.ch\/en\/collaborative-law\/#webpage","url":"https:\/\/www.esprit-entente.ch\/en\/collaborative-law\/","name":"[:fr]Droit collaboratif[:en]Collaborative law[:] - Esprit d&#039;entente","isPartOf":{"@id":"https:\/\/www.esprit-entente.ch\/#website"},"datePublished":"2015-08-18T15:02:58+00:00","dateModified":"2019-12-05T12:13:46+00:00","description":"De Gen\u00e8ve \u00e0 la Riviera, services de droit collaboratif, m\u00e9diation et conseil juridique pour les entreprises, associations, ONG et les particuliers","breadcrumb":{"@id":"https:\/\/www.esprit-entente.ch\/en\/collaborative-law\/#breadcrumb"},"inLanguage":"en-US","potentialAction":[{"@type":"ReadAction","target":["https:\/\/www.esprit-entente.ch\/en\/collaborative-law\/"]}]},{"@type":"BreadcrumbList","@id":"https:\/\/www.esprit-entente.ch\/en\/collaborative-law\/#breadcrumb","itemListElement":[{"@type":"ListItem","position":1,"name":"Accueil","item":"https:\/\/www.esprit-entente.ch\/"},{"@type":"ListItem","position":2,"name":"Collaborative law"}]}]}},"_links":{"self":[{"href":"https:\/\/www.esprit-entente.ch\/en\/wp-json\/wp\/v2\/pages\/65"}],"collection":[{"href":"https:\/\/www.esprit-entente.ch\/en\/wp-json\/wp\/v2\/pages"}],"about":[{"href":"https:\/\/www.esprit-entente.ch\/en\/wp-json\/wp\/v2\/types\/page"}],"author":[{"embeddable":true,"href":"https:\/\/www.esprit-entente.ch\/en\/wp-json\/wp\/v2\/users\/1"}],"replies":[{"embeddable":true,"href":"https:\/\/www.esprit-entente.ch\/en\/wp-json\/wp\/v2\/comments?post=65"}],"version-history":[{"count":30,"href":"https:\/\/www.esprit-entente.ch\/en\/wp-json\/wp\/v2\/pages\/65\/revisions"}],"predecessor-version":[{"id":1190,"href":"https:\/\/www.esprit-entente.ch\/en\/wp-json\/wp\/v2\/pages\/65\/revisions\/1190"}],"wp:attachment":[{"href":"https:\/\/www.esprit-entente.ch\/en\/wp-json\/wp\/v2\/media?parent=65"}],"curies":[{"name":"wp","href":"https:\/\/api.w.org\/{rel}","templated":true}]}}